{"id":287,"date":"2024-11-22T00:03:32","date_gmt":"2024-11-21T20:33:32","guid":{"rendered":"https:\/\/gudukchi.com\/?page_id=287"},"modified":"2024-11-22T13:18:55","modified_gmt":"2024-11-22T09:48:55","slug":"azerbaijani","status":"publish","type":"page","link":"https:\/\/gudukchi.com\/?page_id=287","title":{"rendered":"Azerbaijani"},"content":{"rendered":"\n<p class=\"has-text-align-left has-x-large-font-size\"><strong>GUDUKCHI<\/strong><\/p>\n\n\n\n<p class=\"has-text-align-left has-medium-font-size\">M\u0259hz 2017-ci ild\u0259 biz texnologiya t\u0259r\u0259fin\u0259 ke\u00e7m\u0259li oldu\u011fumuzu ba\u015fa d\u00fc\u015fd\u00fck, buna g\u00f6r\u0259 d\u0259 \u0259sas haz\u0131rl\u0131qlar\u0131 haz\u0131rlad\u0131q<\/p>\n\n\n\n<p class=\"has-text-align-left has-medium-font-size\">CCTV kameras\u0131n\u0131n qurulmas\u0131, sonra biz bunun \u00fc\u00e7\u00fcn bir marka se\u00e7dik v\u0259 GUDUKCHI bel\u0259 do\u011fuldu.<br>Bundan sonra s\u0259viyy\u0259mizi y\u00fcks\u0259ltm\u0259y\u0259 \u00e7al\u0131\u015fd\u0131q, daha sonra 2023-c\u00fc ild\u0259 ilk AR-GE n\u00fcmun\u0259l\u0259rini bazara \u00e7\u0131xard\u0131q, lakin markala\u015fma prosesi \u00e7\u0259tin ke\u00e7di v\u0259 yorulmad\u0131q, davam etdik v\u0259 h\u0259l\u0259 d\u0259 edirik.<\/p>\n\n\n\n<p class=\"has-text-align-left has-medium-font-size\">Sonra AHD kameralar\u0131n\u0131n layih\u0259l\u0259ndirilm\u0259si v\u0259 AR-GE i\u015fl\u0259rind\u0259n sonra \u015f\u0259b\u0259k\u0259 kameralar\u0131na getdik v\u0259 imkanlar\u0131m\u0131z\u0131n \u00e7ox y\u00fcks\u0259k oldu\u011funu g\u00f6rd\u00fck v\u0259 sonra kameralar\u0131n dizayn\u0131na ba\u015flad\u0131q. Biz onu tam r\u0259ngli v\u0259 ya super ulduz i\u015f\u0131\u011f\u0131nda etdik v\u0259 haz\u0131rda s\u00fcni intellekt \u00fcz\u0259rind\u0259 i\u015fl\u0259yirik.<br>GUDUKCHI dizayn \u015f\u00f6b\u0259si \u00e7ox f\u0259ald\u0131r v\u0259 \u015f\u0259rq v\u0259 q\u0259rb \u015firk\u0259tl\u0259ri il\u0259 \u0259m\u0259kda\u015fl\u0131\u011fa v\u0259 qar\u015f\u0131l\u0131ql\u0131 f\u0259aliyy\u0259t\u0259 haz\u0131rd\u0131r.<\/p>\n\n\n\n<p class=\"has-text-align-left has-medium-font-size\"><\/p>\n\n\n\n<p class=\"has-medium-font-size\"><\/p>\n","protected":false},"excerpt":{"rendered":"<p>GUDUKCHI M\u0259hz 2017-ci ild\u0259 biz texnologiya t\u0259r\u0259fin\u0259 ke\u00e7m\u0259li oldu\u011fumuzu ba\u015fa d\u00fc\u015fd\u00fck, buna g\u00f6r\u0259 d\u0259 \u0259sas haz\u0131rl\u0131qlar\u0131 haz\u0131rlad\u0131q CCTV kameras\u0131n\u0131n qurulmas\u0131, sonra biz bunun \u00fc\u00e7\u00fcn bir marka se\u00e7dik v\u0259 GUDUKCHI bel\u0259&hellip;<\/p>\n","protected":false},"author":1,"featured_media":316,"parent":0,"menu_order":0,"comment_status":"closed","ping_status":"closed","template":"","meta":{"footnotes":""},"class_list":["post-287","page","type-page","status-publish","has-post-thumbnail","hentry"],"_links":{"self":[{"href":"https:\/\/gudukchi.com\/index.php?rest_route=\/wp\/v2\/pages\/287","targetHints":{"allow":["GET"]}}],"collection":[{"href":"https:\/\/gudukchi.com\/index.php?rest_route=\/wp\/v2\/pages"}],"about":[{"href":"https:\/\/gudukchi.com\/index.php?rest_route=\/wp\/v2\/types\/page"}],"author":[{"embeddable":true,"href":"https:\/\/gudukchi.com\/index.php?rest_route=\/wp\/v2\/users\/1"}],"replies":[{"embeddable":true,"href":"https:\/\/gudukchi.com\/index.php?rest_route=%2Fwp%2Fv2%2Fcomments&post=287"}],"version-history":[{"count":2,"href":"https:\/\/gudukchi.com\/index.php?rest_route=\/wp\/v2\/pages\/287\/revisions"}],"predecessor-version":[{"id":315,"href":"https:\/\/gudukchi.com\/index.php?rest_route=\/wp\/v2\/pages\/287\/revisions\/315"}],"wp:featuredmedia":[{"embeddable":true,"href":"https:\/\/gudukchi.com\/index.php?rest_route=\/wp\/v2\/media\/316"}],"wp:attachment":[{"href":"https:\/\/gudukchi.com\/index.php?rest_route=%2Fwp%2Fv2%2Fmedia&parent=287"}],"curies":[{"name":"wp","href":"https:\/\/api.w.org\/{rel}","templated":true}]}}