{"id":288,"date":"2024-11-22T00:03:32","date_gmt":"2024-11-21T20:33:32","guid":{"rendered":"https:\/\/gudukchi.com\/?page_id=288"},"modified":"2024-11-22T13:32:26","modified_gmt":"2024-11-22T10:02:26","slug":"turkish","status":"publish","type":"page","link":"https:\/\/gudukchi.com\/?page_id=288","title":{"rendered":"Turkish"},"content":{"rendered":"\n<p class=\"has-x-large-font-size\"><strong>GUDUKCHI<\/strong><\/p>\n\n\n\n<p><\/p>\n\n\n\n<p class=\"has-text-align-left\">2017 y\u0131l\u0131nda teknoloji taraf\u0131na gitmemiz gerekti\u011fini anlad\u0131k ve bu i\u015fin temel haz\u0131rl\u0131klar\u0131n\u0131 haz\u0131rlad\u0131k<\/p>\n\n\n\n<p class=\"has-text-align-left\">bir CCTV kamera in\u015fa ettik ve ard\u0131ndan bunun i\u00e7in bir marka ad\u0131 se\u00e7tik ve GUDUKCHI b\u00f6yle do\u011fdu<br>Sonras\u0131nda seviyemizi y\u00fckseltmeye \u00e7al\u0131\u015ft\u0131k ve 2023 y\u0131l\u0131nda ilk Ar-Ge \u00f6rneklerini piyasaya s\u00fcrd\u00fck ama markala\u015fma s\u00fcreci zorluydu ve yorulmad\u0131k, devam ettik ve etmeye de devam ediyoruz.<\/p>\n\n\n\n<p class=\"has-text-align-left\">Daha sonra AHD kameralar\u0131n tasar\u0131m ve Ar-Ge&#8217;sini yapt\u0131ktan sonra a\u011f kameralar\u0131na gittik ve kabiliyetlerimizin \u00e7ok y\u00fcksek oldu\u011funu g\u00f6rd\u00fck ve kamera tasarlamaya ba\u015flad\u0131k. Tamamen renkli ya da s\u00fcperstar \u0131\u015f\u0131\u011f\u0131 haline getirdik ve \u015fu anda yapay zeka \u00fczerinde \u00e7al\u0131\u015f\u0131yoruz.<br>GUDUKCHI tasar\u0131m departman\u0131 olduk\u00e7a aktiftir ve do\u011fulu ve bat\u0131l\u0131 \u015firketlerle i\u015fbirli\u011fi yapmaya ve etkile\u015fime girmeye haz\u0131rd\u0131r<\/p>\n\n\n\n<p><\/p>\n","protected":false},"excerpt":{"rendered":"<p>GUDUKCHI 2017 y\u0131l\u0131nda teknoloji taraf\u0131na gitmemiz gerekti\u011fini anlad\u0131k ve bu i\u015fin temel haz\u0131rl\u0131klar\u0131n\u0131 haz\u0131rlad\u0131k bir CCTV kamera in\u015fa ettik ve ard\u0131ndan bunun i\u00e7in bir marka ad\u0131 se\u00e7tik ve GUDUKCHI b\u00f6yle&hellip;<\/p>\n","protected":false},"author":1,"featured_media":319,"parent":0,"menu_order":0,"comment_status":"closed","ping_status":"closed","template":"","meta":{"footnotes":""},"class_list":["post-288","page","type-page","status-publish","has-post-thumbnail","hentry"],"_links":{"self":[{"href":"https:\/\/gudukchi.com\/index.php?rest_route=\/wp\/v2\/pages\/288","targetHints":{"allow":["GET"]}}],"collection":[{"href":"https:\/\/gudukchi.com\/index.php?rest_route=\/wp\/v2\/pages"}],"about":[{"href":"https:\/\/gudukchi.com\/index.php?rest_route=\/wp\/v2\/types\/page"}],"author":[{"embeddable":true,"href":"https:\/\/gudukchi.com\/index.php?rest_route=\/wp\/v2\/users\/1"}],"replies":[{"embeddable":true,"href":"https:\/\/gudukchi.com\/index.php?rest_route=%2Fwp%2Fv2%2Fcomments&post=288"}],"version-history":[{"count":2,"href":"https:\/\/gudukchi.com\/index.php?rest_route=\/wp\/v2\/pages\/288\/revisions"}],"predecessor-version":[{"id":318,"href":"https:\/\/gudukchi.com\/index.php?rest_route=\/wp\/v2\/pages\/288\/revisions\/318"}],"wp:featuredmedia":[{"embeddable":true,"href":"https:\/\/gudukchi.com\/index.php?rest_route=\/wp\/v2\/media\/319"}],"wp:attachment":[{"href":"https:\/\/gudukchi.com\/index.php?rest_route=%2Fwp%2Fv2%2Fmedia&parent=288"}],"curies":[{"name":"wp","href":"https:\/\/api.w.org\/{rel}","templated":true}]}}